{"id":9,"date":"2024-01-24T00:42:03","date_gmt":"2024-01-24T00:42:03","guid":{"rendered":"https:\/\/www.gaiamedicinaeseguranca.com.br\/site\/?page_id=9"},"modified":"2024-02-15T17:30:27","modified_gmt":"2024-02-15T17:30:27","slug":"inicio","status":"publish","type":"page","link":"https:\/\/www.gaiamedicinaeseguranca.com.br\/site\/","title":{"rendered":"In\u00edcio"},"content":{"rendered":"<div style=\"display: none;\">\n<p>medicina do trabalho passo fundo medicina ocupacional passo fundo,gaia em passo fundo, e-social, Passo Fundo RS, e-social e medicina do trabalho laudos passo fundo<\/p>\n<h1>e-social em Passo Fundo,\u00a0cmo passo fundo, medicina ocupacional passo fundo,<\/h1>\n<h2>e-social em passo fundo, medicina do trabalho passo fundo e regi\u00e3o, medicina ocupacional passo fundo em passo fundo, e-social vendagaia medicina do trabalho laudos passo fundo, medicina do trabalho em passo fundo rs, e-social, para passo fundo e regi\u00e3o, e-social para passo fundo e regi\u00e3o\u00a0medicina do trabalho laudos medicina do trabalho laudos passo fundo de e-social em passo fundo, medicina do trabalho passo fundo e regi\u00e3o, medicina ocupacional passo fundo em passo fundo, e-social vendagaia medicina do trabalho laudos passo fundo, medicina do trabalho em passo fundo rs, e-social,<a title=\"medicina do trabalho laudos medicina do trabalho laudos passo fundo de e-social em passo fundo, medicina do trabalho passo fundo e regi\u00e3o, medicina ocupacional passo fundo em passo fundo, e-social vendagaia medicina do trabalho laudos passo fundo, medicina do trabalho em passo fundo rs, e-social, para passo fundo e regi\u00e3o, e-social para passo fundo e regi\u00e3o\" href=\"https:\/\/www.gaiamedicinaeseguran\u00e7a.com.br\">para passo fundo e regi\u00e3o, e-social para passo fundo e regi\u00e3o\u00a0medicina do trabalho laudos medicina do trabalho laudos passo fundo de e-social em passo fundo, medicina do trabalho passo fundo e regi\u00e3o, medicina ocupacional passo fundo em passo fundo, e-social vendagaia medicina do trabalho laudos passo fundo, medicina do trabalho em passo fundo rs, e-social<\/a>, para passo fundo e regi\u00e3o, e-social para passo fundo e regi\u00e3o\u00a0medicina do trabalho laudos medicina do trabalho laudos passo fundo de e-social em passo fundo, medicina do trabalho passo fundo e regi\u00e3o, medicina ocupacional passo fundo em passo fundo, e-social vendagaia medicina do trabalho laudos passo fundo, medicina do trabalho em passo fundo rs, e-social, para passo fundo e regi\u00e3o, e-social para passo fundo e regi\u00e3o\u00a0medicina do trabalho laudos medicina do trabalho laudos passo fundo de e-social em passo fundo, medicina do trabalho passo fundo e regi\u00e3o, medicina ocupacional passo fundo em passo fundo, e-social vendagaia medicina do trabalho laudos passo fundo, medicina do trabalho em passo fundo rs, e-social, para passo fundo e regi\u00e3o,<a title=\"medicina do trabalho laudos medicina do trabalho laudos passo fundo de e-social em passo fundo, medicina do trabalho passo fundo e regi\u00e3o, medicina ocupacional passo fundo em passo fundo, e-social vendagaia medicina do trabalho laudos passo fundo, medicina do trabalho em passo fundo rs, e-social, para passo fundo e regi\u00e3o, e-social para passo fundo e regi\u00e3o\" href=\"https:\/\/www.gaiamedicinaeseguran\u00e7a.com.br\/site\">e-social para passo fundo e regi\u00e3o\u00a0medicina do trabalho laudos medicina do trabalho laudos passo fundo de e-social em passo fundo, medicina do trabalho passo fundo e regi\u00e3o, cria\u00e7\u00e3o de sit<\/a>es em passo fundo, e-social vendagaia medicina do trabalho laudos passo fundo, medicina do trabalho em passo fundo rs, e-social, para passo fundo e regi\u00e3o, e-social para passo fundo e regi\u00e3o<\/h2>\n<div id=\"attachment_747\" style=\"width: 353px\" class=\"wp-caption aligncenter\"><a href=\"https:\/\/www.gaiamedicinaeseguran\u00e7a.com.br\/site\/wp-content\/uploads\/2013\/06\/per\u00edcia-m\u00e9dica-passo-fundo-rs.jpg\"><img decoding=\"async\" aria-describedby=\"caption-attachment-747\" class=\"size-full wp-image-747 \" title=\"medicina do trabalho laudos medicina do trabalho laudos passo fundo de e-social em Passo Fundo\" src=\"https:\/\/www.gaiamedicinaeseguran\u00e7a.com.br\/site\/wp-content\/uploads\/2013\/06\/per\u00edcia-m\u00e9dica-passo-fundo-rs.jpg\" alt=\"medicina do trabalho laudos medicina do trabalho laudos passo fundo de e-social em Passo Fundo\" width=\"343\" height=\"300\"  loading=\"lazy\" \/><\/a><p id=\"caption-attachment-747\" class=\"wp-caption-text\">medicina do trabalho laudos medicina do trabalho laudos passo fundo de e-social em Passo Fundo<\/p><\/div>\n<\/div>\n","protected":false},"excerpt":{"rendered":"<p>medicina do trabalho passo fundo medicina ocupacional passo fundo,gaia em passo fundo, e-social, Passo Fundo RS, e-social e medicina do trabalho laudos passo fundo e-social em Passo Fundo,\u00a0cmo passo fundo, medicina ocupacional passo fundo, e-social em passo fundo, medicina do trabalho passo fundo e regi\u00e3o, medicina ocupacional passo fundo em passo fundo, e-social vendagaia medicina [&hellip;]<\/p>\n","protected":false},"author":1,"featured_media":0,"parent":0,"menu_order":0,"comment_status":"closed","ping_status":"closed","template":"template-inicio.php","meta":{"footnotes":""},"class_list":["post-9","page","type-page","status-publish","hentry"],"_links":{"self":[{"href":"https:\/\/www.gaiamedicinaeseguranca.com.br\/site\/wp-json\/wp\/v2\/pages\/9"}],"collection":[{"href":"https:\/\/www.gaiamedicinaeseguranca.com.br\/site\/wp-json\/wp\/v2\/pages"}],"about":[{"href":"https:\/\/www.gaiamedicinaeseguranca.com.br\/site\/wp-json\/wp\/v2\/types\/page"}],"author":[{"embeddable":true,"href":"https:\/\/www.gaiamedicinaeseguranca.com.br\/site\/wp-json\/wp\/v2\/users\/1"}],"replies":[{"embeddable":true,"href":"https:\/\/www.gaiamedicinaeseguranca.com.br\/site\/wp-json\/wp\/v2\/comments?post=9"}],"version-history":[{"count":3,"href":"https:\/\/www.gaiamedicinaeseguranca.com.br\/site\/wp-json\/wp\/v2\/pages\/9\/revisions"}],"predecessor-version":[{"id":127,"href":"https:\/\/www.gaiamedicinaeseguranca.com.br\/site\/wp-json\/wp\/v2\/pages\/9\/revisions\/127"}],"wp:attachment":[{"href":"https:\/\/www.gaiamedicinaeseguranca.com.br\/site\/wp-json\/wp\/v2\/media?parent=9"}],"curies":[{"name":"wp","href":"https:\/\/api.w.org\/{rel}","templated":true}]}}